{"id":349,"date":"2018-04-17T13:48:11","date_gmt":"2018-04-17T13:48:11","guid":{"rendered":"https:\/\/iver.qodeinteractive.com\/?page_id=349"},"modified":"2025-03-26T15:55:54","modified_gmt":"2025-03-26T18:55:54","slug":"sobre-nos","status":"publish","type":"page","link":"https:\/\/isibaires.com\/pr\/sobre-nos\/","title":{"rendered":"Sobre N\u00f3s"},"content":{"rendered":"<div class=\"wpb-content-wrapper\"><p>[vc_row row_content_width=&#8221;grid&#8221; simple_background_color=&#8221;#ffffff&#8221; css=&#8221;.vc_custom_1523973183190{padding-top: 125px !important;padding-bottom: 125px !important;}&#8221;][vc_column offset=&#8221;vc_col-lg-6 vc_col-md-12 vc_col-xs-12&#8243;]<div class=\"qodef-elements-holder   qodef-one-column  qodef-responsive-mode-768 \" ><div class=\"qodef-eh-item    \"  data-item-class=\"qodef-eh-custom-5372\">\n\t<div class=\"qodef-eh-item-inner\">\n\t\t<div class=\"qodef-eh-item-content qodef-eh-custom-5372\" style=\"padding: 0 7% 0 0\">\n\t\t\t<div class=\"qodef-single-image-holder   qodef-image-behavior-zoom\">\n    <div class=\"qodef-si-inner\" >\n                                    <img loading=\"lazy\" decoding=\"async\" width=\"512\" height=\"768\" src=\"https:\/\/isibaires.com\/pr\/wp-content\/uploads\/2024\/11\/Apartamentos-ISI-Baires-Buenos-aires-Argentina-nosotros.jpg\" class=\"attachment-full size-full\" alt=\"\" srcset=\"https:\/\/isibaires.com\/pr\/wp-content\/uploads\/2024\/11\/Apartamentos-ISI-Baires-Buenos-aires-Argentina-nosotros.jpg 512w, https:\/\/isibaires.com\/pr\/wp-content\/uploads\/2024\/11\/Apartamentos-ISI-Baires-Buenos-aires-Argentina-nosotros-200x300.jpg 200w\" sizes=\"auto, (max-width: 512px) 100vw, 512px\" \/>                        <\/div>\n<\/div>\t\t<\/div>\n\t<\/div>\n<\/div><\/div>[\/vc_column][vc_column offset=&#8221;vc_col-lg-6 vc_col-md-12 vc_col-xs-12&#8243;]<div class=\"qodef-elements-holder   qodef-one-column  qodef-responsive-mode-768 \" ><div class=\"qodef-eh-item    \"  data-item-class=\"qodef-eh-custom-4748\" data-1366-1600=\"12% 0 0 6.5%\" data-1024-1366=\"12% 0 0 6.5%\" data-680=\"17% 0 0 0.5%\">\n\t<div class=\"qodef-eh-item-inner\">\n\t\t<div class=\"qodef-eh-item-content qodef-eh-custom-4748\" style=\"padding: 5% 0 0 6.5%\">\n\t\t\t<div class=\"qodef-section-title-holder  qodef-st-standard qodef-st-title-left  qodef-st-normal-space  \" >\n\t<div class=\"qodef-st-inner\">\n                    <span class=\"qodef-st-subtitle\" style=\"color: #000000\">\n                Aluguel Tempor\u00e1rio            <\/span>\n        \t\t\t\t\t<h2 class=\"qodef-st-title\" style=\"color: #ebab01\">\n\t\t\t\tSOMOS ISI BAIRES\t\t\t<\/h2>\n\t\t\t\t\t<\/div>\n<\/div>[vc_column_text]Se voc\u00ea est\u00e1 procurando alojamento em Buenos Aires, Argentina, somos a op\u00e7\u00e3o ideal para aluguel tempor\u00e1rio. Destacamo-nos n\u00e3o apenas pela nossa localiza\u00e7\u00e3o, mas tamb\u00e9m pela amplitude e conforto dos nossos apartamentos, projetados para que voc\u00ea se sinta em casa desde o primeiro momento.<br \/>\nEm nosso esfor\u00e7o constante para melhorar, realizamos uma importante renova\u00e7\u00e3o que inclui o design de novas unidades e nossos espa\u00e7os comuns, permitindo que voc\u00ea desfrute de vistas panor\u00e2micas de 270\u00b0 da cidade a partir de diferentes pontos do nosso complexo. Portanto, quando voc\u00ea pensar em alojamento em Buenos Aires, Argentina, n\u00f3s oferecemos uma excelente op\u00e7\u00e3o para aluguel tempor\u00e1rio, tornando sua estadia uma experi\u00eancia \u00fanica.<br \/>\nFocados em oferecer servi\u00e7os complementares para tornar sua estadia ainda mais confort\u00e1vel, formamos uma alian\u00e7a com o Nitro Gym, um moderno gin\u00e1sio a apenas uma quadra do nosso estabelecimento, onde voc\u00ea ter\u00e1 acesso a equipamentos de \u00faltima gera\u00e7\u00e3o e uma variedade de atividades f\u00edsicas, para que voc\u00ea possa manter sua rotina de treinamento sem complica\u00e7\u00f5es.<br \/>\nAl\u00e9m disso, se voc\u00ea chegar de ve\u00edculo, oferecemos tarifas preferenciais no estacionamento adjacente, garantindo que seu conforto se estenda tamb\u00e9m \u00e0 sua mobilidade.<\/p>\n<p>Estamos prontos para receb\u00ea-lo e tornar sua estadia em Buenos Aires uma experi\u00eancia memor\u00e1vel. <strong>Esperamos v\u00ea-lo em breve!<\/strong>[\/vc_column_text][vc_empty_space height=&#8221;40px&#8221;]\t\t<\/div>\n\t<\/div>\n<\/div><\/div>[\/vc_column][\/vc_row][vc_row row_content_width=&#8221;grid&#8221; disable_background_image=&#8221;&#8221; simple_background_color=&#8221;#ffffff&#8221; simple_background_image=&#8221;7568&#8243; css=&#8221;.vc_custom_1722380268074{padding-top: 60px !important;padding-bottom: 60px !important;}&#8221;][vc_column]<div class=\"qodef-elements-holder   qodef-one-column  qodef-responsive-mode-768 \" ><div class=\"qodef-eh-item    \"  data-item-class=\"qodef-eh-custom-2137\" data-1366-1600=\"0 5% 0 0\" data-1024-1366=\"0 5% 0 0\" data-768-1024=\"0 0 0 0\" data-680-768=\"0 0 0 0\" data-680=\"0 5% 0 0\">\n\t<div class=\"qodef-eh-item-inner\">\n\t\t<div class=\"qodef-eh-item-content qodef-eh-custom-2137\" style=\"padding: 0 11% 0 0\">\n\t\t\t<div class=\"qodef-testimonials-holder clearfix qodef-testimonials-standard \">\n    <span class=\"qodef-testimonial-quote\"><\/span>\n    <div class=\"qodef-testimonials qodef-owl-slider\" data-number-of-items=\"1\" data-enable-loop=\"yes\" data-enable-autoplay=\"yes\" data-slider-speed=\"5000\" data-slider-speed-animation=\"600\" data-enable-navigation=\"yes\" data-enable-pagination=\"no\" >\n\n    \n            <div class=\"qodef-testimonial-content\" id=\"qodef-testimonials-95\">\n                <div class=\"qodef-testimonial-text-holder\">\n                                            <p class=\"qodef-testimonial-text\">Hotel excelente para viver Buenos Aires, bons meios de transporte e tudo por perto.<\/p>\n                                                                <h4 class=\"qodef-testimonial-author\">\n                            <span class=\"qodef-testimonials-author-name\">Por Emilia Domer<\/span>\n                                                    <\/h4>\n                                    <\/div>\n            <\/div>\n\n    \n            <div class=\"qodef-testimonial-content\" id=\"qodef-testimonials-94\">\n                <div class=\"qodef-testimonial-text-holder\">\n                                            <p class=\"qodef-testimonial-text\">Vou todo m\u00eas e sempre tentam me dar meu quarto favorito, bom atendimento e caf\u00e9 da manh\u00e3 dispon\u00edvel o dia todo.<\/p>\n                                                                <h4 class=\"qodef-testimonial-author\">\n                            <span class=\"qodef-testimonials-author-name\">Por Marcos Loente<\/span>\n                                                    <\/h4>\n                                    <\/div>\n            <\/div>\n\n    \n            <div class=\"qodef-testimonial-content\" id=\"qodef-testimonials-84\">\n                <div class=\"qodef-testimonial-text-holder\">\n                                            <p class=\"qodef-testimonial-text\">Estou a um passo do meu trabalho quando venho a Buenos Aires, boa seguran\u00e7a para chegadas noturnas.<\/p>\n                                                                <h4 class=\"qodef-testimonial-author\">\n                            <span class=\"qodef-testimonials-author-name\">Por Luciana de Cocet transportes<\/span>\n                                                    <\/h4>\n                                    <\/div>\n            <\/div>\n\n    \n    <\/div>\n<\/div>\t\t<\/div>\n\t<\/div>\n<\/div><\/div>[vc_empty_space height=&#8221;50&#8243;][\/vc_column][\/vc_row]<\/p>\n<\/div>","protected":false},"excerpt":{"rendered":"<p>[vc_row row_content_width=&#8221;grid&#8221; simple_background_color=&#8221;#ffffff&#8221; css=&#8221;.vc_custom_1523973183190{padding-top: 125px !important;padding-bottom: 125px !important;}&#8221;][vc_column offset=&#8221;vc_col-lg-6 vc_col-md-12 vc_col-xs-12&#8243;][\/vc_column][vc_column offset=&#8221;vc_col-lg-6 vc_col-md-12 vc_col-xs-12&#8243;][\/vc_column][\/vc_row][vc_row row_content_width=&#8221;grid&#8221; disable_background_image=&#8221;&#8221; simple_background_color=&#8221;#ffffff&#8221; simple_background_image=&#8221;7568&#8243; css=&#8221;.vc_custom_1722380268074{padding-top: 60px !important;padding-bottom: 60px !important;}&#8221;][vc_column][vc_empty_space height=&#8221;50&#8243;][\/vc_column][\/vc_row]<\/p>\n","protected":false},"author":1,"featured_media":0,"parent":0,"menu_order":0,"comment_status":"closed","ping_status":"closed","template":"full-width.php","meta":{"_joinchat":[],"footnotes":""},"class_list":["post-349","page","type-page","status-publish","hentry"],"_links":{"self":[{"href":"https:\/\/isibaires.com\/pr\/wp-json\/wp\/v2\/pages\/349","targetHints":{"allow":["GET"]}}],"collection":[{"href":"https:\/\/isibaires.com\/pr\/wp-json\/wp\/v2\/pages"}],"about":[{"href":"https:\/\/isibaires.com\/pr\/wp-json\/wp\/v2\/types\/page"}],"author":[{"embeddable":true,"href":"https:\/\/isibaires.com\/pr\/wp-json\/wp\/v2\/users\/1"}],"replies":[{"embeddable":true,"href":"https:\/\/isibaires.com\/pr\/wp-json\/wp\/v2\/comments?post=349"}],"version-history":[{"count":35,"href":"https:\/\/isibaires.com\/pr\/wp-json\/wp\/v2\/pages\/349\/revisions"}],"predecessor-version":[{"id":7870,"href":"https:\/\/isibaires.com\/pr\/wp-json\/wp\/v2\/pages\/349\/revisions\/7870"}],"wp:attachment":[{"href":"https:\/\/isibaires.com\/pr\/wp-json\/wp\/v2\/media?parent=349"}],"curies":[{"name":"wp","href":"https:\/\/api.w.org\/{rel}","templated":true}]}}